{"id":88,"date":"2019-08-09T11:12:28","date_gmt":"2019-08-09T15:12:28","guid":{"rendered":"https:\/\/hospitaltaiwan.gob.do\/transparencia\/?page_id=88"},"modified":"2019-08-09T11:12:28","modified_gmt":"2019-08-09T15:12:28","slug":"finanzas","status":"publish","type":"page","link":"https:\/\/srsmetropolitano.gob.do\/transparencia\/finanzas\/","title":{"rendered":"Finanzas"},"content":{"rendered":"\n<div class=\"wp-block-columns has-3-columns is-layout-flex wp-container-4 wp-block-columns-is-layout-flex\">\n<div class=\"wp-block-column is-layout-flow wp-block-column-is-layout-flow\">\n<div class=\"descripcion-servicios\">\n<a href=\"\/transparencia\/finanzas\/balance-general\"><span class=\"fonticon\">\n<i class=\"fas fa-calendar-check-o\"><\/i>\n<\/span><\/a>\n<p>Balance General<\/p><\/div>\n<\/div>\n\n\n\n<div class=\"wp-block-column is-layout-flow wp-block-column-is-layout-flow\">\n<div class=\"descripcion-servicios\">\n<a href=\"\/transparencia\/finanzas\/ingresos-y-egresos\"><span class=\"fonticon\">\n<i class=\"fas fa-line-chart\"><\/i>\n<\/span><\/a>\n<p>Ingresos y Egresos<\/p><\/div>\n<\/div>\n\n\n\n<div class=\"wp-block-column is-layout-flow wp-block-column-is-layout-flow\">\n<div class=\"descripcion-servicios\">\n<a href=\"\/transparencia\/finanzas\/informes-de-auditoria\/\"><span class=\"fonticon\">\n<i class=\"fas fa-bar-chart-o\"><\/i>\n<\/span><\/a>\n<p>Informes de Auditor\u00eda<\/p><\/div>\n<\/div>\n<\/div>\n\n\n\n<div class=\"wp-block-columns has-3-columns is-layout-flex wp-container-8 wp-block-columns-is-layout-flex\">\n<div class=\"wp-block-column is-layout-flow wp-block-column-is-layout-flow\">\n<div class=\"descripcion-servicios\">\n<a href=\"\/transparencia\/finanzas\/relacion-de-activos-fijos-de-la-institucion\"><span class=\"fonticon\">\n<i class=\"fas fa-money\"><\/i>\n<\/span><\/a>\n<p>Relaci\u00f3n de Activos Fijos<\/p><\/div>\n<\/div>\n\n\n\n<div class=\"wp-block-column is-layout-flow wp-block-column-is-layout-flow\">\n<div class=\"descripcion-servicios\">\n<a href=\"\/transparencia\/finanzas\/relacion-de-inventario-en-almacen\"><span class=\"fonticon\">\n<i class=\"fas fa-calculator\"><\/i>\n<\/span><\/a>\n<p>Relaci\u00f3n de Inventario de Almac\u00e9n<\/p><\/div>\n<\/div>\n\n\n\n<div class=\"wp-block-column is-layout-flow wp-block-column-is-layout-flow\"><\/div>\n<\/div>\n","protected":false},"excerpt":{"rendered":"<p>Balance General Ingresos y Egresos Informes de Auditor\u00eda Relaci\u00f3n de Activos Fijos Relaci\u00f3n de Inventario de Almac\u00e9n<\/p>\n","protected":false},"author":1,"featured_media":0,"parent":0,"menu_order":0,"comment_status":"closed","ping_status":"closed","template":"","meta":{"footnotes":""},"_links":{"self":[{"href":"https:\/\/srsmetropolitano.gob.do\/transparencia\/wp-json\/wp\/v2\/pages\/88"}],"collection":[{"href":"https:\/\/srsmetropolitano.gob.do\/transparencia\/wp-json\/wp\/v2\/pages"}],"about":[{"href":"https:\/\/srsmetropolitano.gob.do\/transparencia\/wp-json\/wp\/v2\/types\/page"}],"author":[{"embeddable":true,"href":"https:\/\/srsmetropolitano.gob.do\/transparencia\/wp-json\/wp\/v2\/users\/1"}],"replies":[{"embeddable":true,"href":"https:\/\/srsmetropolitano.gob.do\/transparencia\/wp-json\/wp\/v2\/comments?post=88"}],"version-history":[{"count":1,"href":"https:\/\/srsmetropolitano.gob.do\/transparencia\/wp-json\/wp\/v2\/pages\/88\/revisions"}],"predecessor-version":[{"id":6362,"href":"https:\/\/srsmetropolitano.gob.do\/transparencia\/wp-json\/wp\/v2\/pages\/88\/revisions\/6362"}],"wp:attachment":[{"href":"https:\/\/srsmetropolitano.gob.do\/transparencia\/wp-json\/wp\/v2\/media?parent=88"}],"curies":[{"name":"wp","href":"https:\/\/api.w.org\/{rel}","templated":true}]}}