{"id":637,"date":"2019-08-09T08:59:08","date_gmt":"2019-08-09T12:59:08","guid":{"rendered":"https:\/\/hospitaltaiwan.gob.do\/transparencia\/?page_id=7"},"modified":"2025-10-31T11:06:13","modified_gmt":"2025-10-31T15:06:13","slug":"inicio","status":"publish","type":"page","link":"https:\/\/srsmetropolitano.gob.do\/transparencia\/","title":{"rendered":"Inicio"},"content":{"rendered":"\n<figure class=\"wp-block-image is-resized\"><img fetchpriority=\"high\" decoding=\"async\" width=\"1000\" height=\"292\" src=\"https:\/\/srsmetropolitano.gob.do\/transparencia\/wp-content\/uploads\/sites\/2\/2019\/08\/transparencia-bg.png\" alt=\"\" class=\"wp-image-287\" style=\"width:1000px;height:292px\" srcset=\"https:\/\/srsmetropolitano.gob.do\/transparencia\/wp-content\/uploads\/sites\/2\/2019\/08\/transparencia-bg.png 1000w, https:\/\/srsmetropolitano.gob.do\/transparencia\/wp-content\/uploads\/sites\/2\/2019\/08\/transparencia-bg-300x88.png 300w, https:\/\/srsmetropolitano.gob.do\/transparencia\/wp-content\/uploads\/sites\/2\/2019\/08\/transparencia-bg-768x224.png 768w\" sizes=\"(max-width: 1000px) 100vw, 1000px\" \/><\/figure>\n\n\n\n<h2 class=\"wp-block-heading has-text-align-center transparencia-titulo\">Bienvenidos a nuestro portal de Transparencia!<\/h2>\n\n\n\n<p>Para dar Cumplimiento a la&nbsp;<a href=\"https:\/\/docs.google.com\/viewer?url=https:\/\/sns.gob.do\/transparencia\/descargas\/14\/leyes\/1567\/ley-200-04-general-de-libre-acceso-a-la-informacion-publica.pdf\" target=\"_blank\" rel=\"noreferrer noopener\"><strong>Ley 200-04<\/strong><\/a>&nbsp;de Libre Acceso a la Informaci\u00f3n P\u00fablica y al&nbsp;<a href=\"https:\/\/docs.google.com\/viewer?url=https:\/\/sns.gob.do\/transparencia\/descargas\/15\/decretos\/2199\/aa-decreto-130-05-que-aprueba-el-reglamento-de-aplicacion-de-la-ley-200-04.pdf\" target=\"_blank\" rel=\"noreferrer noopener\"><strong>Decreto No. 130-05<\/strong><\/a>&nbsp;que aprueba su Reglamento de Aplicaci\u00f3n, se pone a disposici\u00f3n de los ciudadanos los contenidos de transparencia considerados en esta.<\/p>\n\n\n\n<p>Nuestro objetivo es garantizar el libre acceso a la informaci\u00f3n p\u00fablica de forma completa, veraz y oportuna, a fin de satisfacer las necesidades de la ciudadan\u00eda.<\/p>\n\n\n\n<hr class=\"wp-block-separator has-css-opacity is-style-wide\"\/>\n\n\n\n<div class=\"wp-block-columns has-3-columns is-layout-flex wp-container-4 wp-block-columns-is-layout-flex\">\n<div class=\"wp-block-column is-layout-flow wp-block-column-is-layout-flow\"><div class=\"wp-block-image\">\n<figure class=\"aligncenter is-resized\"><a href=\"https:\/\/saip.gob.do\/\" target=\"_blank\" rel=\"noreferrer noopener\"><img decoding=\"async\" width=\"300\" height=\"300\" src=\"https:\/\/srsmetropolitano.gob.do\/transparencia\/wp-content\/uploads\/sites\/2\/2019\/08\/saip-logo-hd.png\" alt=\"\" class=\"wp-image-230\" style=\"width:78px;height:78px\" srcset=\"https:\/\/srsmetropolitano.gob.do\/transparencia\/wp-content\/uploads\/sites\/2\/2019\/08\/saip-logo-hd.png 300w, https:\/\/srsmetropolitano.gob.do\/transparencia\/wp-content\/uploads\/sites\/2\/2019\/08\/saip-logo-hd-150x150.png 150w\" sizes=\"(max-width: 300px) 100vw, 300px\" \/><\/a><figcaption class=\"wp-element-caption\"><strong>Solicitud de Informaci\u00f3n<\/strong><\/figcaption><\/figure><\/div><\/div>\n\n\n\n<div class=\"wp-block-column is-layout-flow wp-block-column-is-layout-flow\"><div class=\"wp-block-image\">\n<figure class=\"aligncenter is-resized\"><a href=\"http:\/\/www.transparenciafiscal.gob.do\/\" target=\"_blank\" rel=\"noreferrer noopener\"><img decoding=\"async\" width=\"329\" height=\"239\" src=\"https:\/\/srsmetropolitano.gob.do\/transparencia\/wp-content\/uploads\/sites\/2\/2019\/08\/transparenciaFiscalLogo.png\" alt=\"\" class=\"wp-image-231\" style=\"width:138px;height:100px\" srcset=\"https:\/\/srsmetropolitano.gob.do\/transparencia\/wp-content\/uploads\/sites\/2\/2019\/08\/transparenciaFiscalLogo.png 329w, https:\/\/srsmetropolitano.gob.do\/transparencia\/wp-content\/uploads\/sites\/2\/2019\/08\/transparenciaFiscalLogo-300x218.png 300w\" sizes=\"(max-width: 329px) 100vw, 329px\" \/><\/a><figcaption class=\"wp-element-caption\"><strong>Transparencia Fiscal<\/strong><\/figcaption><\/figure><\/div><\/div>\n\n\n\n<div class=\"wp-block-column is-layout-flow wp-block-column-is-layout-flow\"><div class=\"wp-block-image\">\n<figure class=\"aligncenter is-resized\"><a href=\"http:\/\/www.contraloria.gob.do\/index.php\/servicios\/item\/234-servicio2\" target=\"_blank\" rel=\"noreferrer noopener\"><img loading=\"lazy\" decoding=\"async\" width=\"110\" height=\"114\" src=\"https:\/\/srsmetropolitano.gob.do\/transparencia\/wp-content\/uploads\/sites\/2\/2019\/08\/contraloria-doc-logo.png\" alt=\"\" class=\"wp-image-232\" style=\"width:89px;height:93px\"\/><\/a><figcaption class=\"wp-element-caption\"><strong>Consulta de Libramientos<\/strong><\/figcaption><\/figure><\/div><\/div>\n<\/div>\n\n\n\n<p><\/p>\n","protected":false},"excerpt":{"rendered":"<p>Bienvenidos a nuestro portal de Transparencia! Para dar Cumplimiento a la&nbsp;Ley 200-04&nbsp;de Libre Acceso a la Informaci\u00f3n P\u00fablica y al&nbsp;Decreto No. 130-05&nbsp;que aprueba su Reglamento de Aplicaci\u00f3n, se pone a disposici\u00f3n de los ciudadanos los contenidos de transparencia considerados en esta. Nuestro objetivo es garantizar el libre acceso a la informaci\u00f3n p\u00fablica de forma completa, [&hellip;]<\/p>\n","protected":false},"author":1,"featured_media":0,"parent":0,"menu_order":0,"comment_status":"closed","ping_status":"closed","template":"","meta":{"footnotes":""},"_links":{"self":[{"href":"https:\/\/srsmetropolitano.gob.do\/transparencia\/wp-json\/wp\/v2\/pages\/637"}],"collection":[{"href":"https:\/\/srsmetropolitano.gob.do\/transparencia\/wp-json\/wp\/v2\/pages"}],"about":[{"href":"https:\/\/srsmetropolitano.gob.do\/transparencia\/wp-json\/wp\/v2\/types\/page"}],"author":[{"embeddable":true,"href":"https:\/\/srsmetropolitano.gob.do\/transparencia\/wp-json\/wp\/v2\/users\/1"}],"replies":[{"embeddable":true,"href":"https:\/\/srsmetropolitano.gob.do\/transparencia\/wp-json\/wp\/v2\/comments?post=637"}],"version-history":[{"count":2,"href":"https:\/\/srsmetropolitano.gob.do\/transparencia\/wp-json\/wp\/v2\/pages\/637\/revisions"}],"predecessor-version":[{"id":33180,"href":"https:\/\/srsmetropolitano.gob.do\/transparencia\/wp-json\/wp\/v2\/pages\/637\/revisions\/33180"}],"wp:attachment":[{"href":"https:\/\/srsmetropolitano.gob.do\/transparencia\/wp-json\/wp\/v2\/media?parent=637"}],"curies":[{"name":"wp","href":"https:\/\/api.w.org\/{rel}","templated":true}]}}