{"id":39,"date":"2019-08-09T09:56:41","date_gmt":"2019-08-09T13:56:41","guid":{"rendered":"https:\/\/hospitaltaiwan.gob.do\/transparencia\/?page_id=39"},"modified":"2020-04-15T15:06:19","modified_gmt":"2020-04-15T19:06:19","slug":"plan-estrategico-institucional-pei","status":"publish","type":"page","link":"https:\/\/srsmetropolitano.gob.do\/transparencia\/plan-estrategico-institucional-pei\/","title":{"rendered":"Plan Estrat\u00e9gico Institucional (PEI)"},"content":{"rendered":"\t\t<div data-elementor-type=\"wp-post\" data-elementor-id=\"39\" class=\"elementor elementor-39\" data-elementor-post-type=\"page\">\n\t\t\t\t\t\t<section class=\"elementor-section elementor-top-section elementor-element elementor-element-4185c2f8 elementor-section-boxed elementor-section-height-default elementor-section-height-default\" data-id=\"4185c2f8\" data-element_type=\"section\">\n\t\t\t\t\t\t<div class=\"elementor-container elementor-column-gap-default\">\n\t\t\t\t\t<div class=\"elementor-column elementor-col-100 elementor-top-column elementor-element elementor-element-40c720b8\" data-id=\"40c720b8\" data-element_type=\"column\">\n\t\t\t<div class=\"elementor-widget-wrap elementor-element-populated\">\n\t\t\t\t\t\t<div class=\"elementor-element elementor-element-7f349f2a elementor-widget elementor-widget-text-editor\" data-id=\"7f349f2a\" data-element_type=\"widget\" data-widget_type=\"text-editor.default\">\n\t\t\t\t<div class=\"elementor-widget-container\">\n\t\t\t\t\t\t\t<p><!-- wp:html --><\/p>\n<div class=\"texto-leyenda\">\n<p>El Servicio Regional de Salud Metropolitano (SRSM) en su condici\u00f3n de Entidad P\u00fablica Desconcentrada (ver art. 4 de la <a href=\"https:\/\/docs.google.com\/viewer?url=https:\/\/sns.gob.do\/transparencia\/descargas\/9\/leyes\/395\/ley-123-15-que-crea-el-servicio-nacional-de-salud-sns.pdf\" target=\"_blank\" rel=\"noopener noreferrer\">Ley 123-15<\/a> que crea el <strong>Servicio Nacional de Salud<\/strong>), no posee un Plan Estrat\u00e9gico particular, sino que a trav\u00e9s de la ejecuci\u00f3n del Plan Operativo Anual del Servicio Nacional de Salud contribuye al alcance de sus objetivos estrat\u00e9gicos, raz\u00f3n por la cual a continuaci\u00f3n presentamos un enlace a la misma:<\/p>\n<p><button class=\"boton-enlace\"><a href=\"https:\/\/sns.gob.do\/transparencia\/plan-estrategico-institucional\/\" target=\"_blank\" rel=\"noreferrer noopener\"><strong>Plan Estrat\u00e9gico del Servicio Nacional de Salud<\/strong><\/a><\/button><\/p>\n<\/div>\n<p><!-- \/wp:html --><\/p>\n<p><!-- wp:wpfd\/wpfd-category {\"selectedCategoryId\":29,\"shortcode\":\"[wpfd_category id=\\u002229\\u0022]\"} --><br \/><div class=\"wpfd-content wpfd-content-default wpfd-content-multi\" data-category=\"29\"             style=\"background-color: transparent\"><input type=\"hidden\" id=\"current_category_29\" value=\"29\" \/>                    <input type=\"hidden\" id=\"current_category_slug_29\" value=\"plan-estrategico-institucional-pei\" \/>                    <input type=\"hidden\" id=\"current_ordering_29\" value=\"title\" \/>                    <input type=\"hidden\" id=\"current_ordering_direction_29\" value=\"desc\" \/>                    <input type=\"hidden\" id=\"page_limit_29\" value=\"10\" \/><input type=\"hidden\" id=\"wpfd_display_empty_category_message\" value=\"0\" \/><input type=\"hidden\" id=\"wpfd_empty_category_message_val\" value=\"This file category has no files to display\" \/><input type=\"hidden\" id=\"wpfd_display_empty_folder\" value=\"1\" \/><input type=\"hidden\" id=\"wpfd_is_empty_subcategories\" value=\"1\" \/><input type=\"hidden\" id=\"wpfd_is_empty_files\" value=\"1\" \/><input type=\"hidden\" id=\"wpfd_root_category_id\" class=\"wpfd_root_category_id\" value=\"29\" \/><input type=\"hidden\" id=\"wpfd_root_category_theme\" class=\"wpfd_root_category_theme\" value=\"default\" \/><input type=\"hidden\" id=\"wpfd_root_category_clone_theme_type\" class=\"wpfd_root_category_clone_theme_type\" value=\"none\" \/><input type=\"hidden\" id=\"wpfd_root_category_type\" class=\"wpfd_root_category_type\" value=\"29\" \/><ul class=\"breadcrumbs wpfd-breadcrumbs-default head-category-default\">                            <li class=\"active\">Plan Estrat\u00e9gico Institucional (PEI)<\/li>                        <\/ul>    <script type=\"text\/x-handlebars-template\" class=\"wpfd-template-categories\">        <div class=\"wpfd-categories \">{{#if category}}{{#with category}}<h2>{{name}}<\/h2>{{#if parent}}<a class=\"catlink backcategory\" href=\"#\" data-idcat=\"{{parent}}\">                        <i class=\"zmdi zmdi-chevron-left\"><\/i><span>Atr\u00e1s<\/span><\/a>{{\/if}}{{\/with}}{{\/if}}{{#if category.desc}}<div class=\"wpfd-category-desc\">{{category.desc}}<\/div>{{\/if}}{{#if categories}}{{#each categories}}<a class=\"wpfdcategory catlink\" style=\"margin : 10px 10px 10px 10px;\" href=\"#\" data-idcat=\"{{term_id}}\" title=\"{{name}}\">                                <span>{{name}}<\/span><i class=\"zmdi zmdi-folder wpfd-folder\"><\/i>                            <\/a>{{\/each}}{{\/if}}<div class=\"wpfdcategory_placeholder\" style=\"margin : 0 10px 0 10px;\"><\/div><div class=\"wpfdcategory_placeholder\" style=\"margin : 0 10px 0 10px;\"><\/div><div class=\"wpfdcategory_placeholder\" style=\"margin : 0 10px 0 10px;\"><\/div><\/div>    <\/script>    <script type=\"text\/x-handlebars-template\" class=\"wpfd-template-files\">        {{#if files }}        <div class=\"wpfd_list\">            {{#each files}}            <div class=\"file {{ext}}\" style=\"margin : 10px 10px 10px 10px;\" data-id=\"{{ID}}\" data-catid=\"{{catid}}\">                <input type=\"hidden\" class=\"wpfd_file_preview_link_download\" value=\"{{linkdownload}}\" data-filetitle=\"{{post_title}}\" data-fileicons=\"ext ext-{{ext}} wpfd-icon-set-png\" \/>                <div class=\"filecontent\">                    {{#if file_custom_icon}}                    <div class=\"icon-custom\"><img decoding=\"async\" src=\"{{file_custom_icon}}\" \/><\/div>                    {{else}}                    <div class=\"ext ext-{{ext}} wpfd-icon-set-png\"><span class=\"txt\">{{ext}}<\/span><\/div>                    {{\/if}}<h3><a href=\"{{linkdownload}}\"  class=\"wpfd_downloadlink\" title=\"{{post_title}}\" target=\"{{#if remote_file}}_blank{{\/if}}\">{{{crop_title}}}<\/a><\/h3>                    <div class=\"file-xinfo\">                        {{#if description}}<div class=\"file-desc\">{{{description}}}<\/div>{{\/if}}{{#if versionNumber}}<div class=\"file-version\"><span>Version:<\/span> {{versionNumber}}<\/div>{{\/if}}<div class=\"file-size\"><span>Tama\u00f1o:<\/span> {{bytesToSize size}}<\/div><div class=\"file-hits\"><span>Descargas:<\/span> {{hits}}<\/div><div class=\"file-dated\"><span>Fecha Agregado:<\/span> {{created}}<\/div>                    <\/div>                <\/div>                <span class=\"file-right\">                    <a class=\"downloadlink wpfd_downloadlink\"  href=\"{{linkdownload}}\" style=\"background-color:#76bc58;color:#ffffff;\" target=\"{{#if remote_file}}_blank{{\/if}}\">Acceder | Descargar<i class=\"zmdi zmdi-cloud-download wpfd-download\"><\/i><\/a>{{#if openpdflink}}<a class=\"openlink wpfdlightbox wpfd_previewlink\" href=\"{{openpdflink}}\" target=\"\">Vista previa                            <i class=\"zmdi zmdi-filter-center-focus wpfd-preview\"><\/i>                        <\/a>{{else}}{{#if viewerlink}}<a                            href=\"{{viewerlink}}\"                            class=\"openlink wpfdlightbox wpfd_previewlink\"                            target=\"\"                            data-id=\"{{ID}}\"                            data-catid=\"{{catid}}\"                            data-file-type=\"{{ext}}\">Vista previa<i class=\"zmdi zmdi-filter-center-focus wpfd-preview\"><\/i>                        <\/a>{{\/if}}{{\/if}}                <\/span>            <\/div>            {{\/each}}            <div class=\"file flex_span\" style=\"margin : 10px 10px 10px 10px;\"><\/div>        <\/div>        {{\/if}}    <\/script>    <div class=\"wpfd-container show_category_title show_breadcrumb show_subcategories\">                <div class=\"wpfd-open-tree\"><\/div>        <div class=\"wpfd-container-default \">            <div class=\"wpfd-categories \"><h2 class=\"wpfd-category-theme-title\">Plan Estrat\u00e9gico Institucional (PEI)<\/h2><div class=\"wpfd-category-desc\"><\/div><a class=\"wpfdcategory catlink\" style=\"margin : 10px 10px 10px 10px;\" href=\"#\"                                   data-idcat=\"408\"                                   title=\"Planeaci\u00f3n Estrat\u00e9gica\">                                    <span>Planeaci\u00f3n Estrat\u00e9gica<\/span>                                    <i class=\"zmdi zmdi-folder wpfd-folder\"><\/i>                                <\/a><a class=\"wpfdcategory catlink\" style=\"margin : 10px 10px 10px 10px;\" href=\"#\"                                   data-idcat=\"409\"                                   title=\"Plan Operativo Anual\">                                    <span>Plan Operativo Anual<\/span>                                    <i class=\"zmdi zmdi-folder wpfd-folder\"><\/i>                                <\/a><a class=\"wpfdcategory catlink\" style=\"margin : 10px 10px 10px 10px;\" href=\"#\"                                   data-idcat=\"410\"                                   title=\"Memoria Institucional\">                                    <span>Memoria Institucional<\/span>                                    <i class=\"zmdi zmdi-folder wpfd-folder\"><\/i>                                <\/a><div class=\"wpfdcategory_placeholder\" style=\"margin : 0 10px 0 10px;\"><\/div><div class=\"wpfdcategory_placeholder\" style=\"margin : 0 10px 0 10px;\"><\/div><div class=\"wpfdcategory_placeholder\" style=\"margin : 0 10px 0 10px;\"><\/div><input type=\"hidden\" id=\"wpfd_subcategories_hover_color\" class=\"wpfd_subcategories_hover_color\" value=\"\" \/><\/div>                                <\/div>    <\/div><\/div><br \/><!-- \/wp:wpfd\/wpfd-category --><\/p>\n<p><!-- wp:block {\"ref\":297} \/--><\/p>\t\t\t\t\t\t<\/div>\n\t\t\t\t<\/div>\n\t\t\t\t\t<\/div>\n\t\t<\/div>\n\t\t\t\t\t<\/div>\n\t\t<\/section>\n\t\t\t\t<\/div>\n\t\t","protected":false},"excerpt":{"rendered":"<p>El Servicio Regional de Salud Metropolitano (SRSM) en su condici\u00f3n de Entidad P\u00fablica Desconcentrada (ver art. 4 de la Ley 123-15 que crea el Servicio Nacional de Salud), no posee un Plan Estrat\u00e9gico particular, sino que a trav\u00e9s de la ejecuci\u00f3n del Plan Operativo Anual del Servicio Nacional de Salud contribuye al alcance de sus [&hellip;]<\/p>\n","protected":false},"author":1,"featured_media":0,"parent":0,"menu_order":0,"comment_status":"closed","ping_status":"closed","template":"","meta":{"footnotes":""},"_links":{"self":[{"href":"https:\/\/srsmetropolitano.gob.do\/transparencia\/wp-json\/wp\/v2\/pages\/39"}],"collection":[{"href":"https:\/\/srsmetropolitano.gob.do\/transparencia\/wp-json\/wp\/v2\/pages"}],"about":[{"href":"https:\/\/srsmetropolitano.gob.do\/transparencia\/wp-json\/wp\/v2\/types\/page"}],"author":[{"embeddable":true,"href":"https:\/\/srsmetropolitano.gob.do\/transparencia\/wp-json\/wp\/v2\/users\/1"}],"replies":[{"embeddable":true,"href":"https:\/\/srsmetropolitano.gob.do\/transparencia\/wp-json\/wp\/v2\/comments?post=39"}],"version-history":[{"count":2,"href":"https:\/\/srsmetropolitano.gob.do\/transparencia\/wp-json\/wp\/v2\/pages\/39\/revisions"}],"predecessor-version":[{"id":910,"href":"https:\/\/srsmetropolitano.gob.do\/transparencia\/wp-json\/wp\/v2\/pages\/39\/revisions\/910"}],"wp:attachment":[{"href":"https:\/\/srsmetropolitano.gob.do\/transparencia\/wp-json\/wp\/v2\/media?parent=39"}],"curies":[{"name":"wp","href":"https:\/\/api.w.org\/{rel}","templated":true}]}}