{"id":280,"date":"2019-08-20T14:49:25","date_gmt":"2019-08-20T18:49:25","guid":{"rendered":"https:\/\/hospitaltaiwan.gob.do\/transparencia\/?page_id=280"},"modified":"2020-02-02T13:57:22","modified_gmt":"2020-02-02T17:57:22","slug":"mapa-de-sitio","status":"publish","type":"page","link":"https:\/\/srsmetropolitano.gob.do\/transparencia\/mapa-de-sitio\/","title":{"rendered":"Mapa de Sitio"},"content":{"rendered":"\n<ul class=\"sitemap\">\n<li><a href=\"\/transparencia\/\"><i class=\"fa fa-angle-right\"><\/i> Inicio<\/a><\/li>\n<li><a href=\"\/\" target=\"_blank\" rel=\"noopener noreferrer\"><i class=\"fa fa-angle-right\"><\/i> Portal Institucional <i class=\"fa fa-sign-in\" aria-hidden=\"true\"><\/i><\/a><\/li>\n<li><a href=\"\/transparencia\/base-legal-institucional\/\"><i class=\"fa fa-angle-right\"><\/i> Base Legal Institucional<\/a><\/li>\n<li><a href=\"\/transparencia\/marco-legal-de-transparencia\/\"><i class=\"fa fa-angle-right\"><\/i> Marco Legal de Transparencia<\/a><\/li>\n<li><a href=\"\/transparencia\/estructura-organica-institucional\/\"><i class=\"fa fa-angle-right\"><\/i> Estructura Org\u00e1nica Institucional<\/a><\/li>\n<li><a href=\"\/transparencia\/normativas-derechos-de-los-cuidadanos\/\"><i class=\"fa fa-angle-right\"><\/i> Normativas: Derechos de los Cuidadanos<\/a><\/li>\n<li><a href=\"#\"><i class=\"fa fa-angle-right\"><\/i> Oficina Acceso a la Informaci\u00f3n<\/a>\n<ul>\n<li><a href=\"\/transparencia\/oai\/\"><i class=\"fa fa-angle-right\"><\/i> Sobre la OAI<\/a><\/li>\n<li><a href=\"\/transparencia\/oai\/estructura-organizacional-de-la-oai\/\"><i class=\"fa fa-angle-right\"><\/i> Estructura Organizacional de la OAI<\/a><\/li>\n<li><a href=\"\/transparencia\/oai\/manual-de-organizacion-de-la-oai\/\"><i class=\"fa fa-angle-right\"><\/i> Manual de Organizaci\u00f3n de la OAI<\/a><\/li>\n<li><a href=\"\/transparencia\/oai\/manual-de-procedimiento-de-la-oai\/\"><i class=\"fa fa-angle-right\"><\/i> Manual de Procedimiento de la OAI<\/a><\/li>\n<li><a href=\"\/transparencia\/oai\/estadisticas-y-balances-de-la-gestion-de-la-oai\/\"><i class=\"fa fa-angle-right\"><\/i> Estad\u00edsticas y Balances de la Gesti\u00f3n de la OAI<\/a><\/li>\n<li><a href=\"\/transparencia\/oai\/responsable-de-acceso-a-la-informacion-y-medio-para-contactarlo\/\"><i class=\"fa fa-angle-right\"><\/i> RAI y Medio para Contactarlo<\/a><\/li>\n<li><a href=\"\/transparencia\/oai\/resolucion-de-informacion-clasificada\/\"><i class=\"fa fa-angle-right\"><\/i> Resoluci\u00f3n de Informaci\u00f3n Clasificada<\/a><\/li>\n<li><a href=\"\/transparencia\/oai\/indice-de-documentos-disponibles\/\"><i class=\"fa fa-angle-right\"><\/i> \u00cdndice de Documentos Disponibles<\/a><\/li>\n<li><a href=\"https:\/\/saip.gob.do\/realizar-solicitud.php\" target=\"_blank\" rel=\"noopener noreferrer\"><i class=\"fa fa-angle-right\"><\/i> Enlace al Portal \u00danico de Solicitud de Informaci\u00f3n <i class=\"fa fa-sign-in\" aria-hidden=\"true\"><\/i><\/a><\/li>\n<li><a href=\"\/transparencia\/oai\/indice-de-transparencia-estandarizado\/\"><i class=\"fa fa-angle-right\"><\/i> \u00cdndice de Transparencia Estandarizado<\/a><\/li>\n<\/ul>\n<\/li>\n<li><a href=\"\/transparencia\/plan-estrategico-institucional\/\"><i class=\"fa fa-angle-right\"><\/i> Plan Estrat\u00e9gico Institucional (PEI)<\/a><\/li>\n<li><a href=\"\/transparencia\/publicaciones-oficiales\/\"><i class=\"fa fa-angle-right\"><\/i> Publicaciones Oficiales<\/a><\/li>\n<li><a href=\"\/transparencia\/estadisticas-institucionales\/\"><i class=\"fa fa-angle-right\"><\/i> Estad\u00edsticas Institucionales<\/a><\/li>\n<li><a href=\"\/servicios\" target=\"_blank\" rel=\"noopener noreferrer\"><i class=\"fa fa-angle-right\"><\/i> Servicios al P\u00fablico <\/a><\/li>\n<li><a href=\"#\"><i class=\"fa fa-angle-right\"><\/i> Acceso y Registro al Portal 311<\/a>\n<ul>\n<li><a href=\"http:\/\/www.311.gob.do\/\" target=\"_blank\" rel=\"noopener noreferrer\"><i class=\"fa fa-angle-right\"><\/i> Acceso al Portal 311 <i class=\"fa fa-sign-in\" aria-hidden=\"true\"><\/i><\/a><\/li>\n<li><a href=\"\/transparencia\/estadisticas-linea-311\/\"><i class=\"fa fa-angle-right\"><\/i> Estad\u00edsticas de la L\u00ednea 311<\/a><\/li>\n<\/ul>\n<\/li>\n<li><a href=\"\/transparencia\/declaracion-jurada-de-patrimonio\/\"><i class=\"fa fa-angle-right\"><\/i> Declaraci\u00f3n Jurada de Patrimonio<\/a><\/li>\n<li><a href=\"\/transparencia\/presupuesto\/\"><i class=\"fa fa-angle-right\"><\/i> Presupuesto<\/a><\/li>\n<li><a href=\"\/transparencia\/recursos-humanos\/\"><i class=\"fa fa-angle-right\"><\/i> Recursos Humanos<\/a>\n<ul>\n<li><a href=\"\/transparencia\/recursos-humanos\/nominas-de-empleados\/\"><i class=\"fa fa-angle-right\"><\/i> N\u00f3minas de Empleados<\/a><\/li>\n<li><a href=\"\/transparencia\/recursos-humanos\/jubilaciones-pensiones-y-retiros\/\"><i class=\"fa fa-angle-right\"><\/i> Jubilaciones, Pensiones y Retiros<\/a><\/li>\n<li><a href=\"https:\/\/map.gob.do\/Concursa\/plazasvacantes.aspx\" target=\"_blank\" rel=\"noopener noreferrer\"><i class=\"fa fa-angle-right\"><\/i> Enlace al Portal Concursa administrado por el MAP<\/a><\/li>\n<\/ul>\n<\/li>\n<li><a href=\"\/transparencia\/beneficiarios-de-asistencia-social\/\"><i class=\"fa fa-angle-right\"><\/i> Beneficiarios de Asistencia Social<\/a><\/li>\n<li><a href=\"\/transparencia\/compras-y-contrataciones\/\"><i class=\"fa fa-angle-right\"><\/i> Compras y Contrataciones<\/a>\n<ul>\n<li><a href=\"\/transparencia\/compras-y-contrataciones\/como-registrarse-como-proveedor-del-estado\/\"><i class=\"fa fa-angle-right\"><\/i> \u00bfC\u00f3mo registrarse como proveedor del Estado?<\/a><\/li>\n<li><a href=\"\/transparencia\/compras-y-contrataciones\/plan-anual-de-compras-y-contrataciones\/\"><i class=\"fa fa-angle-right\"><\/i> Plan Anual de Compras y Contrataciones<\/a><\/li>\n<li><a href=\"\/transparencia\/compras-y-contrataciones\/licitacion-publica-nacional-e-internacional\/\"><i class=\"fa fa-angle-right\"><\/i> Licitaci\u00f3n P\u00fablica Nacional e Internacional<\/a><\/li>\n<li><a href=\"\/transparencia\/compras-y-contrataciones\/licitacion-restringida\/\"><i class=\"fa fa-angle-right\"><\/i> Licitaci\u00f3n Restringida<\/a><\/li>\n<li><a href=\"\/transparencia\/compras-y-contrataciones\/sorteo-de-obras\/\"><i class=\"fa fa-angle-right\"><\/i> Sorteo de Obras<\/a><\/li>\n<li><a href=\"\/transparencia\/compras-y-contrataciones\/comparacion-de-precios\/\"><i class=\"fa fa-angle-right\"><\/i> Comparaci\u00f3n de Precios<\/a><\/li>\n<li><a href=\"\/transparencia\/compras-y-contrataciones\/compras-menores\/\"><i class=\"fa fa-angle-right\"><\/i> Compras Menores<\/a><\/li>\n<li><a href=\"\/transparencia\/compras-y-contrataciones\/relacion-de-compras-por-debajo-del-umbral\/\"><i class=\"fa fa-angle-right\"><\/i> Relaci\u00f3n de Compras por Debajo del Umbral<\/a><\/li>\n<li><a href=\"\/transparencia\/compras-y-contrataciones\/casos-de-seguridad-y-emergencia-nacional\/\"><i class=\"fa fa-angle-right\"><\/i> Casos de Seguridad de Emergencia Nacional<\/a><\/li>\n<li><a href=\"\/transparencia\/compras-y-contrataciones\/casos-de-urgencia\/\"><i class=\"fa fa-angle-right\"><\/i> Casos de Urgencias<\/a><\/li>\n<li><a href=\"\/transparencia\/compras-y-contrataciones\/otros-casos-de-excepcion\/\"><i class=\"fa fa-angle-right\"><\/i> Otros Casos de Excepci\u00f3n<\/a><\/li>\n<li><a href=\"\/transparencia\/compras-y-contrataciones\/estado-de-cuentas-de-suplidores\/\"><i class=\"fa fa-angle-right\"><\/i> Estado de Cuentas de Suplidores<\/a><\/li>\n<\/ul>\n<\/li>\n<li><a href=\"\/transparencia\/programas-y-proyectos\/\"><i class=\"fa fa-angle-right\"><\/i> Programas y Proyectos<\/a><\/li>\n<li><a href=\"\/transparencia\/finanzas\/\"><i class=\"fa fa-angle-right\"><\/i> Finanzas<\/a>\n<ul>\n<li><a href=\"\/transparencia\/finanzas\/balance-general\/\"><i class=\"fa fa-angle-right\"><\/i> Balance General<\/a><\/li>\n<li><a href=\"\/transparencia\/finanzas\/ingresos-y-egresos\/\"><i class=\"fa fa-angle-right\"><\/i> Ingresos y Egresos<\/a><\/li>\n<li><a href=\"\/transparencia\/finanzas\/informes-de-auditoria\/\"><i class=\"fa fa-angle-right\"><\/i> Informes de Auditor\u00eda<\/a><\/li>\n<li><a href=\"\/transparencia\/finanzas\/relacion-de-activos-fijos-de-la-institucion\/\"><i class=\"fa fa-angle-right\"><\/i> Relaci\u00f3n de Activos Fijos<\/a><\/li>\n<li><a href=\"\/transparencia\/finanzas\/relacion-de-inventario-en-almacen\/\"><i class=\"fa fa-angle-right\"><\/i> Relaci\u00f3n de Inventario de Almac\u00e9n<\/a><\/li>\n<\/ul>\n<\/li>\n<li><a href=\"#\"><i class=\"fa fa-angle-right\"><\/i> Publicaci\u00f3n en el Portal de Datos Abiertos<\/a>\n<ul>\n<li><a href=\"http:\/\/datos.gob.do\/\" target=\"_blank\" rel=\"noopener noreferrer\"><i class=\"fa fa-angle-right\"><\/i> Publicaci\u00f3n en el Portal de Datos Abiertos<\/a><\/li>\n<li><a href=\"\/transparencia\/datos-publicados-en-formatos-abiertos\/\"><i class=\"fa fa-angle-right\"><\/i> Datos Publicados en Formatos Abiertos<\/a><\/li>\n<\/ul>\n<\/li>\n<li><a href=\"\/transparencia\/comision-de-etica-publica\/\"><i class=\"fa fa-angle-right\"><\/i> Comisi\u00f3n de \u00c9tica<\/a>\n<ul>\n<li><a href=\"\/transparencia\/comision-de-etica-publica-cep\/listado-de-miembros-y-medios-de-contactos\/\"><i class=\"fa fa-angle-right\"><\/i> Listado de Miembros y Medios para Contactarlos <i class=\"fa fa-sign-in\" aria-hidden=\"true\"><\/i><\/a><\/li>\n<li><a href=\"\/transparencia\/comision-de-etica-publica-cep\/plan-de-trabajo-informe-de-logros-y-seguimiento-del-plan-de-cep\/\"><i class=\"fa fa-angle-right\"><\/i> Plan de Trabajo del CEP<\/a><\/li>\n<\/ul>\n<\/li>\n<\/ul>\n","protected":false},"excerpt":{"rendered":"<p>Inicio Portal Institucional Base Legal Institucional Marco Legal de Transparencia Estructura Org\u00e1nica Institucional Normativas: Derechos de los Cuidadanos Oficina Acceso a la Informaci\u00f3n Sobre la OAI Estructura Organizacional de la OAI Manual de Organizaci\u00f3n de la OAI Manual de Procedimiento de la OAI Estad\u00edsticas y Balances de la Gesti\u00f3n de la OAI RAI y Medio [&hellip;]<\/p>\n","protected":false},"author":1,"featured_media":0,"parent":0,"menu_order":0,"comment_status":"closed","ping_status":"closed","template":"","meta":{"footnotes":""},"_links":{"self":[{"href":"https:\/\/srsmetropolitano.gob.do\/transparencia\/wp-json\/wp\/v2\/pages\/280"}],"collection":[{"href":"https:\/\/srsmetropolitano.gob.do\/transparencia\/wp-json\/wp\/v2\/pages"}],"about":[{"href":"https:\/\/srsmetropolitano.gob.do\/transparencia\/wp-json\/wp\/v2\/types\/page"}],"author":[{"embeddable":true,"href":"https:\/\/srsmetropolitano.gob.do\/transparencia\/wp-json\/wp\/v2\/users\/1"}],"replies":[{"embeddable":true,"href":"https:\/\/srsmetropolitano.gob.do\/transparencia\/wp-json\/wp\/v2\/comments?post=280"}],"version-history":[{"count":1,"href":"https:\/\/srsmetropolitano.gob.do\/transparencia\/wp-json\/wp\/v2\/pages\/280\/revisions"}],"predecessor-version":[{"id":726,"href":"https:\/\/srsmetropolitano.gob.do\/transparencia\/wp-json\/wp\/v2\/pages\/280\/revisions\/726"}],"wp:attachment":[{"href":"https:\/\/srsmetropolitano.gob.do\/transparencia\/wp-json\/wp\/v2\/media?parent=280"}],"curies":[{"name":"wp","href":"https:\/\/api.w.org\/{rel}","templated":true}]}}