{"id":104,"date":"2019-08-09T11:18:16","date_gmt":"2019-08-09T15:18:16","guid":{"rendered":"https:\/\/hospitaltaiwan.gob.do\/transparencia\/?page_id=104"},"modified":"2021-03-16T13:33:46","modified_gmt":"2021-03-16T17:33:46","slug":"comision-de-etica-publica-cep","status":"publish","type":"page","link":"https:\/\/srsmetropolitano.gob.do\/transparencia\/comision-de-etica-publica-cep\/","title":{"rendered":"Comisi\u00f3n de \u00c9tica P\u00fablica (CEP)"},"content":{"rendered":"\n<figure class=\"wp-block-image\"><img fetchpriority=\"high\" decoding=\"async\" width=\"724\" height=\"1024\" src=\"https:\/\/srsmetropolitano.gob.do\/transparencia\/wp-content\/uploads\/sites\/2\/2021\/03\/IMG_0001-724x1024.jpg\" alt=\"\" class=\"wp-image-3581\" srcset=\"https:\/\/srsmetropolitano.gob.do\/transparencia\/wp-content\/uploads\/sites\/2\/2021\/03\/IMG_0001-724x1024.jpg 724w, https:\/\/srsmetropolitano.gob.do\/transparencia\/wp-content\/uploads\/sites\/2\/2021\/03\/IMG_0001-212x300.jpg 212w, https:\/\/srsmetropolitano.gob.do\/transparencia\/wp-content\/uploads\/sites\/2\/2021\/03\/IMG_0001-768x1086.jpg 768w\" sizes=\"(max-width: 724px) 100vw, 724px\" \/><\/figure>\n\n\n\n<p>La<strong>&nbsp;Comisi\u00f3n de \u00c9tica P\u00fablica (CEP)<\/strong>&nbsp;es un organismo de car\u00e1cter c\u00edvico, integrado por servidores p\u00fablicos que promueven valores, principios y normas de conducta a lo interno del Servicio Regional de Salud Metropolitano. La CEP se constituye como medio de fortalecimiento institucional en tanto que desarrolla acciones que procuran la correcta y honesta prestaci\u00f3n de servicios p\u00fablicos.<\/p>\n\n\n\n<p>La CEP recibe el acompa\u00f1amiento, monitoreo y asesor\u00eda de la DIGEIG para el dise\u00f1o de sus Planes Operativos y para garantizar el alcance de sus objetivos. De igual manera, los integrantes de la CEP son capacitados y entrenados mediante Diplomados y otros cursos, para un mejor desempe\u00f1o de sus funciones.<\/p>\n\n\n\n<p><strong>\u00bfQu\u00e9 son las Comisiones de \u00c9tica P\u00fablica y cu\u00e1les son sus funciones?<\/strong><\/p>\n\n\n\n<p>Las Comisiones de \u00c9tica P\u00fablica (CEP) son el mecanismo utilizado para la institucionalizaci\u00f3n de la \u00e9tica en las organizaciones, conjuntamente con los c\u00f3digos de pautas \u00e9ticas, con el objetivo de desarrollar actividades propositivas, en promoci\u00f3n de la moral y la transparencia. Como ente \u00e9tico del Servicio Regional de Salud Metropolitano la CEP se constituye en garante de la ejecuci\u00f3n de las pol\u00edticas de prevenci\u00f3n de la corrupci\u00f3n administrativa, transparencia y promoci\u00f3n de los valores que contribuyan al ejercicio de una funci\u00f3n p\u00fablica \u00edntegra.<\/p>\n\n\n\n<p>Las comisiones de \u00e9tica se entienden como un ente cuyas funciones fundamentales son:<br>1. Educativas (planes formativos para concienciar y apoyar)<br>2. Consultivas y<br>3. Deliberativas (manejando casos de denuncias o presunci\u00f3n)<\/p>\n\n\n\n<p>La CEP del SRSM tiene la responsabilidad de promover los valores de integridad y \u00e9tica en el ejercicio de las funciones de esta instituci\u00f3n, manteni\u00e9ndola como un ente motivador e inspirador para nuestra sociedad, mediante el ejemplo de dignidad del servicio p\u00fablico.<\/p>\n","protected":false},"excerpt":{"rendered":"<p>La&nbsp;Comisi\u00f3n de \u00c9tica P\u00fablica (CEP)&nbsp;es un organismo de car\u00e1cter c\u00edvico, integrado por servidores p\u00fablicos que promueven valores, principios y normas de conducta a lo interno del Servicio Regional de Salud Metropolitano. La CEP se constituye como medio de fortalecimiento institucional en tanto que desarrolla acciones que procuran la correcta y honesta prestaci\u00f3n de servicios p\u00fablicos. [&hellip;]<\/p>\n","protected":false},"author":1,"featured_media":0,"parent":0,"menu_order":0,"comment_status":"closed","ping_status":"closed","template":"","meta":{"footnotes":""},"_links":{"self":[{"href":"https:\/\/srsmetropolitano.gob.do\/transparencia\/wp-json\/wp\/v2\/pages\/104"}],"collection":[{"href":"https:\/\/srsmetropolitano.gob.do\/transparencia\/wp-json\/wp\/v2\/pages"}],"about":[{"href":"https:\/\/srsmetropolitano.gob.do\/transparencia\/wp-json\/wp\/v2\/types\/page"}],"author":[{"embeddable":true,"href":"https:\/\/srsmetropolitano.gob.do\/transparencia\/wp-json\/wp\/v2\/users\/1"}],"replies":[{"embeddable":true,"href":"https:\/\/srsmetropolitano.gob.do\/transparencia\/wp-json\/wp\/v2\/comments?post=104"}],"version-history":[{"count":2,"href":"https:\/\/srsmetropolitano.gob.do\/transparencia\/wp-json\/wp\/v2\/pages\/104\/revisions"}],"predecessor-version":[{"id":3582,"href":"https:\/\/srsmetropolitano.gob.do\/transparencia\/wp-json\/wp\/v2\/pages\/104\/revisions\/3582"}],"wp:attachment":[{"href":"https:\/\/srsmetropolitano.gob.do\/transparencia\/wp-json\/wp\/v2\/media?parent=104"}],"curies":[{"name":"wp","href":"https:\/\/api.w.org\/{rel}","templated":true}]}}